{"id":4184,"date":"2017-07-03T01:04:28","date_gmt":"2017-07-03T01:04:28","guid":{"rendered":"http:\/\/businesslounge-elementor.rtthemes.com\/?page_id=4184"},"modified":"2024-11-28T18:41:38","modified_gmt":"2024-11-28T15:41:38","slug":"hizmetlerimiz","status":"publish","type":"page","link":"https:\/\/emirgroup2010.com\/en\/hizmetlerimiz\/","title":{"rendered":"Emir Construction"},"content":{"rendered":"<div data-elementor-type=\"wp-post\" data-elementor-id=\"4184\" class=\"elementor elementor-4184\" data-elementor-post-type=\"page\">\n\t\t\t\t\t\t<section class=\"elementor-section elementor-top-section elementor-element elementor-element-pgclqir elementor-section-boxed elementor-section-height-default elementor-section-height-default default-style elementor-invisible\" data-id=\"pgclqir\" data-element_type=\"section\" data-e-type=\"section\" data-settings=\"{&quot;background_background&quot;:&quot;classic&quot;,&quot;animation&quot;:&quot;fadeInDown&quot;,&quot;rt_color_sets&quot;:&quot;default-style&quot;}\">\n\t\t\t\t\t\t<div class=\"elementor-container elementor-column-gap-default\">\n\t\t\t\t\t<div class=\"elementor-column elementor-col-50 elementor-top-column elementor-element elementor-element-ceffsvt\" data-id=\"ceffsvt\" data-element_type=\"column\" data-e-type=\"column\">\n\t\t\t<div class=\"elementor-widget-wrap elementor-element-populated\">\n\t\t\t\t\t\t<div class=\"elementor-element elementor-element-febxjkq elementor-widget elementor-widget-rt-heading\" data-id=\"febxjkq\" data-element_type=\"widget\" data-e-type=\"widget\" data-widget_type=\"rt-heading.default\">\n\t\t\t\t<div class=\"elementor-widget-container\">\n\t\t\t\t\t<div class=\"rt-heading-wrapper\">\n\t\t\t\t\t\t<h4 class=\"rt-heading\" >Emir Group, as a group of companies specializing in the construction sector, offers a wide range of services, from residential projects to industrial facilities, social complexes, and office buildings.<\/h4>\n\t\t\t\t\t<\/div>\t\t\t\t<\/div>\n\t\t\t\t<\/div>\n\t\t\t\t\t<\/div>\n\t\t<\/div>\n\t\t\t\t<div class=\"elementor-column elementor-col-50 elementor-top-column elementor-element elementor-element-ypakvou\" data-id=\"ypakvou\" data-element_type=\"column\" data-e-type=\"column\">\n\t\t\t<div class=\"elementor-widget-wrap elementor-element-populated\">\n\t\t\t\t\t\t<div class=\"elementor-element elementor-element-ycwmhcs elementor-align-right elementor-tablet-align-center elementor-widget elementor-widget-rt-button\" data-id=\"ycwmhcs\" data-element_type=\"widget\" data-e-type=\"widget\" data-widget_type=\"rt-button.default\">\n\t\t\t\t<div class=\"elementor-widget-container\">\n\t\t\t\t\t<div class=\"button_wrapper  arrow\"><a href=\"https:\/\/emirgroup2010.com\/en\/iletisim\/\" target=\"_self\" title=\"Get a Quote\" class=\"button_  black big\"><span><span>Get a Quote<\/span><\/span><\/a><\/div>\t\t\t\t<\/div>\n\t\t\t\t<\/div>\n\t\t\t\t\t<\/div>\n\t\t<\/div>\n\t\t\t\t\t<\/div>\n\t\t<\/section>\n\t\t\t\t<section class=\"elementor-section elementor-top-section elementor-element elementor-element-twunyds elementor-section-content-middle elementor-section-boxed elementor-section-height-default elementor-section-height-default default-style\" data-id=\"twunyds\" data-element_type=\"section\" data-e-type=\"section\" data-settings=\"{&quot;background_background&quot;:&quot;classic&quot;,&quot;rt_color_sets&quot;:&quot;default-style&quot;}\">\n\t\t\t\t\t\t<div class=\"elementor-container elementor-column-gap-default\">\n\t\t\t\t\t<div class=\"elementor-column elementor-col-100 elementor-top-column elementor-element elementor-element-uzjsinh\" data-id=\"uzjsinh\" data-element_type=\"column\" data-e-type=\"column\">\n\t\t\t<div class=\"elementor-widget-wrap elementor-element-populated\">\n\t\t\t\t\t\t<div class=\"elementor-element elementor-element-iv6rcpx elementor-widget-divider--view-line elementor-widget elementor-widget-divider\" data-id=\"iv6rcpx\" data-element_type=\"widget\" data-e-type=\"widget\" data-widget_type=\"divider.default\">\n\t\t\t\t<div class=\"elementor-widget-container\">\n\t\t\t\t\t\t\t<div class=\"elementor-divider\">\n\t\t\t<span class=\"elementor-divider-separator\">\n\t\t\t\t\t\t<\/span>\n\t\t<\/div>\n\t\t\t\t\t\t<\/div>\n\t\t\t\t<\/div>\n\t\t\t\t\t<\/div>\n\t\t<\/div>\n\t\t\t\t\t<\/div>\n\t\t<\/section>\n\t\t<div class=\"elementor-element elementor-element-9d0b9f1 e-flex e-con-boxed default-style elementor-invisible e-con e-parent\" data-id=\"9d0b9f1\" data-element_type=\"container\" data-e-type=\"container\" data-settings=\"{&quot;animation&quot;:&quot;fadeInRight&quot;,&quot;rt_color_sets&quot;:&quot;default-style&quot;}\">\n\t\t\t\t\t<div class=\"e-con-inner\">\n\t\t<div class=\"elementor-element elementor-element-720ca89 e-con-full e-flex default-style e-con e-child\" data-id=\"720ca89\" data-element_type=\"container\" data-e-type=\"container\" data-settings=\"{&quot;rt_color_sets&quot;:&quot;default-style&quot;}\">\n\t\t\t\t<div class=\"elementor-element elementor-element-f3693be elementor-widget elementor-widget-rt-heading\" data-id=\"f3693be\" data-element_type=\"widget\" data-e-type=\"widget\" data-widget_type=\"rt-heading.default\">\n\t\t\t\t<div class=\"elementor-widget-container\">\n\t\t\t\t\t<div class=\"rt-heading-wrapper\">\n\t\t\t\t\t\t<span class=\"punchline\">Emir Group<\/span><h4 class=\"rt-heading with_punchline\" >Our Construction Activities<\/h4>\n\t\t\t\t\t<\/div>\t\t\t\t<\/div>\n\t\t\t\t<\/div>\n\t\t\t\t<div class=\"elementor-element elementor-element-29bdde3 elementor-widget elementor-widget-text-editor\" data-id=\"29bdde3\" data-element_type=\"widget\" data-e-type=\"widget\" data-widget_type=\"text-editor.default\">\n\t\t\t\t<div class=\"elementor-widget-container\">\n\t\t\t\t\t\t\t\t\t<p>Safety, aesthetics, and functionality are at the core of our projects. Through comprehensive planning and engineering processes, we accurately analyze our customers' needs and deliver each project on time, flawlessly, and in compliance with high-quality standards.<\/p><p>In our construction projects, we stand out with modern architectural techniques and innovative solutions. By incorporating smart building systems, energy-efficient structures, and environmentally friendly materials, we develop sustainable construction projects. Additionally, through prefabricated and modular building techniques, we offer the advantages of rapid assembly and cost efficiency, providing budget-friendly solutions for our clients. This approach enables us to deliver flexible and fast projects tailored to diverse needs, such as residential, office, and industrial buildings.<\/p>\t\t\t\t\t\t\t\t<\/div>\n\t\t\t\t<\/div>\n\t\t\t\t<\/div>\n\t\t<div class=\"elementor-element elementor-element-9cd92ae e-con-full e-flex default-style e-con e-child\" data-id=\"9cd92ae\" data-element_type=\"container\" data-e-type=\"container\" data-settings=\"{&quot;rt_color_sets&quot;:&quot;default-style&quot;}\">\n\t\t\t\t<div class=\"elementor-element elementor-element-213ed88 elementor-widget elementor-widget-video\" data-id=\"213ed88\" data-element_type=\"widget\" data-e-type=\"widget\" data-settings=\"{&quot;video_type&quot;:&quot;hosted&quot;,&quot;autoplay&quot;:&quot;yes&quot;,&quot;play_on_mobile&quot;:&quot;yes&quot;,&quot;mute&quot;:&quot;yes&quot;,&quot;loop&quot;:&quot;yes&quot;}\" data-widget_type=\"video.default\">\n\t\t\t\t<div class=\"elementor-widget-container\">\n\t\t\t\t\t\t\t<div class=\"e-hosted-video elementor-wrapper elementor-open-inline\">\n\t\t\t\t\t<video class=\"elementor-video\" src=\"https:\/\/emirgroup2010.com\/wp-content\/uploads\/2024\/11\/emirwebanasayfa.mp4\" autoplay=\"\" loop=\"\" muted=\"muted\" playsinline=\"\" controlslist=\"nodownload\"><\/video>\n\t\t\t\t<\/div>\n\t\t\t\t\t\t<\/div>\n\t\t\t\t<\/div>\n\t\t\t\t<\/div>\n\t\t\t\t\t<\/div>\n\t\t\t\t<\/div>\n\t\t<div class=\"elementor-element elementor-element-a0db307 e-flex e-con-boxed default-style e-con e-parent\" data-id=\"a0db307\" data-element_type=\"container\" data-e-type=\"container\" data-settings=\"{&quot;rt_color_sets&quot;:&quot;default-style&quot;}\">\n\t\t\t\t\t<div class=\"e-con-inner\">\n\t\t\t\t<div class=\"elementor-element elementor-element-2785e34 elementor-widget elementor-widget-rt-image-carousel\" data-id=\"2785e34\" data-element_type=\"widget\" data-e-type=\"widget\" data-widget_type=\"rt-image-carousel.default\">\n\t\t\t\t<div class=\"elementor-widget-container\">\n\t\t\t\t\t\r\n\t\t\t\t<div id=\"image-carousel-114007\" class=\"rt-carousel carousel-holder clearfix rt-image-carousel  rt_lightbox_gallery shadows\" data-item-width=\"3\" data-nav=\"\" data-dots=\"\" data-margin=\"8\" data-autoplay=\"true\" data-timeout=\"2000\" data-thumbnails=\"false\" data-boxed=\"\" data-min-height=\"\" data-padding=\"0\" data-loop=\"true\" data-tablet-item-width=\"\" data-mobile-item-width=\"\">\r\n\t\t\t\t\t<div class=\"owl-carousel\">\r\n\t\t\t\t\t\t<div><img fetchpriority=\"high\" decoding=\"async\" src=\"https:\/\/emirgroup2010.com\/wp-content\/uploads\/2024\/11\/WhatsApp-Image-2024-11-15-at-22.19.07-2-800x400.jpeg\" width=\"800\" height=\"400\" alt=\"\"><\/div><div><img decoding=\"async\" src=\"https:\/\/emirgroup2010.com\/wp-content\/uploads\/2024\/11\/WhatsApp-Image-2024-11-15-at-22.19.08-800x400.jpeg\" width=\"800\" height=\"400\" alt=\"\"><\/div><div><img decoding=\"async\" src=\"https:\/\/emirgroup2010.com\/wp-content\/uploads\/2024\/11\/WhatsApp-Image-2024-11-15-at-21.46.19.jpeg\" width=\"660\" height=\"329\" alt=\"\"><\/div><div><img loading=\"lazy\" decoding=\"async\" src=\"https:\/\/emirgroup2010.com\/wp-content\/uploads\/2024\/11\/WhatsApp-Image-2024-11-15-at-21.46.19-1.jpeg\" width=\"660\" height=\"329\" alt=\"\"><\/div><div><img loading=\"lazy\" decoding=\"async\" src=\"https:\/\/emirgroup2010.com\/wp-content\/uploads\/2024\/11\/suleyman1-800x400.jpg\" width=\"800\" height=\"400\" alt=\"\"><\/div><div><img loading=\"lazy\" decoding=\"async\" src=\"https:\/\/emirgroup2010.com\/wp-content\/uploads\/2024\/11\/suleyman3-800x400.jpg\" width=\"800\" height=\"400\" alt=\"\"><\/div>\r\n\t\t\t\t\t<\/div>\r\n\t\t\t\t\t\r\n\t\t\t\t\t\r\n\t\t\t\t<\/div>\r\n\t\t\t\t\t\t\t<\/div>\n\t\t\t\t<\/div>\n\t\t\t\t\t<\/div>\n\t\t\t\t<\/div>\n\t\t\t\t<section class=\"elementor-section elementor-top-section elementor-element elementor-element-846018e elementor-section-height-min-height elementor-section-content-middle elementor-section-boxed elementor-section-height-default elementor-section-items-middle default-style\" data-id=\"846018e\" data-element_type=\"section\" data-e-type=\"section\" data-settings=\"{&quot;rt_color_sets&quot;:&quot;default-style&quot;}\">\n\t\t\t\t\t\t<div class=\"elementor-container elementor-column-gap-default\">\n\t\t\t\t\t<div class=\"elementor-column elementor-col-100 elementor-top-column elementor-element elementor-element-da7900a elementor-invisible\" data-id=\"da7900a\" data-element_type=\"column\" data-e-type=\"column\" data-settings=\"{&quot;animation&quot;:&quot;fadeIn&quot;}\">\n\t\t\t<div class=\"elementor-widget-wrap elementor-element-populated\">\n\t\t\t\t\t\t<div class=\"elementor-element elementor-element-ad6491a elementor-widget elementor-widget-text-editor\" data-id=\"ad6491a\" data-element_type=\"widget\" data-e-type=\"widget\" data-widget_type=\"text-editor.default\">\n\t\t\t\t<div class=\"elementor-widget-container\">\n\t\t\t\t\t\t\t\t\t<p>At every stage, we prioritize customer satisfaction and manage our projects transparently. Our technical team meticulously handles every detail from project initiation to delivery, constructing safe and durable structures. The key to our success in construction projects lies in our experienced team and customer-focused approach. Our goal is to leave a lasting mark in the industry and be recognized as a reliable solution partner.<\/p><p>In our construction projects, we stand out with modern architectural techniques and innovative solutions. By incorporating smart building systems, energy-efficient structures, and environmentally friendly materials, we develop sustainable construction projects. Additionally, through prefabricated and modular building techniques, we offer the advantages of rapid assembly and cost efficiency, providing budget-friendly solutions for our clients. This approach enables us to deliver flexible and fast projects tailored to diverse needs, such as residential, office, and industrial buildings.<\/p>\t\t\t\t\t\t\t\t<\/div>\n\t\t\t\t<\/div>\n\t\t\t\t\t<\/div>\n\t\t<\/div>\n\t\t\t\t\t<\/div>\n\t\t<\/section>\n\t\t\t\t<\/div>","protected":false},"excerpt":{"rendered":"<p>Emir Grup, in\u015faat sekt\u00f6r\u00fcnde uzmanla\u015fm\u0131\u015f bir grup \u015firketi olarak, konut projelerinden end\u00fcstriyel tesislere, sosyal tesislerden ofis binalar\u0131na kadar geni\u015f bir yelpazede hizmet sunmaktad\u0131r. Teklif Al Emir Grup\u0130n\u015faat Faaliyetlerimiz Projelerimizin temelinde g\u00fcvenlik, estetik ve i\u015flevsellik yer almaktad\u0131r. Kapsaml\u0131 planlama ve m\u00fchendislik s\u00fcre\u00e7lerimiz sayesinde, m\u00fc\u015fterilerimizin ihtiya\u00e7lar\u0131n\u0131 do\u011fru \u015fekilde analiz eder ve her projeyi zaman\u0131nda, eksiksiz ve y\u00fcksek [&hellip;]<\/p>\n","protected":false},"author":1,"featured_media":0,"parent":0,"menu_order":0,"comment_status":"closed","ping_status":"closed","template":"","meta":{"footnotes":""},"class_list":["post-4184","page","type-page","status-publish","hentry"],"_links":{"self":[{"href":"https:\/\/emirgroup2010.com\/en\/wp-json\/wp\/v2\/pages\/4184","targetHints":{"allow":["GET"]}}],"collection":[{"href":"https:\/\/emirgroup2010.com\/en\/wp-json\/wp\/v2\/pages"}],"about":[{"href":"https:\/\/emirgroup2010.com\/en\/wp-json\/wp\/v2\/types\/page"}],"author":[{"embeddable":true,"href":"https:\/\/emirgroup2010.com\/en\/wp-json\/wp\/v2\/users\/1"}],"replies":[{"embeddable":true,"href":"https:\/\/emirgroup2010.com\/en\/wp-json\/wp\/v2\/comments?post=4184"}],"version-history":[{"count":11,"href":"https:\/\/emirgroup2010.com\/en\/wp-json\/wp\/v2\/pages\/4184\/revisions"}],"predecessor-version":[{"id":5289,"href":"https:\/\/emirgroup2010.com\/en\/wp-json\/wp\/v2\/pages\/4184\/revisions\/5289"}],"wp:attachment":[{"href":"https:\/\/emirgroup2010.com\/en\/wp-json\/wp\/v2\/media?parent=4184"}],"curies":[{"name":"wp","href":"https:\/\/api.w.org\/{rel}","templated":true}]}}