{"id":5057,"date":"2024-11-15T13:06:56","date_gmt":"2024-11-15T10:06:56","guid":{"rendered":"https:\/\/emirgroup2010.com\/?page_id=5057"},"modified":"2024-11-28T18:56:00","modified_gmt":"2024-11-28T15:56:00","slug":"emir-celik-yapilar","status":"publish","type":"page","link":"https:\/\/emirgroup2010.com\/en\/emir-celik-yapilar\/","title":{"rendered":"Emir Steel Structures"},"content":{"rendered":"<div data-elementor-type=\"wp-post\" data-elementor-id=\"5057\" class=\"elementor elementor-5057\" data-elementor-post-type=\"page\">\n\t\t\t\t\t\t<section class=\"elementor-section elementor-top-section elementor-element elementor-element-pgclqir elementor-section-boxed elementor-section-height-default elementor-section-height-default default-style elementor-invisible\" data-id=\"pgclqir\" data-element_type=\"section\" data-e-type=\"section\" data-settings=\"{&quot;background_background&quot;:&quot;classic&quot;,&quot;animation&quot;:&quot;fadeIn&quot;,&quot;rt_color_sets&quot;:&quot;default-style&quot;}\">\n\t\t\t\t\t\t<div class=\"elementor-container elementor-column-gap-default\">\n\t\t\t\t\t<div class=\"elementor-column elementor-col-50 elementor-top-column elementor-element elementor-element-ceffsvt\" data-id=\"ceffsvt\" data-element_type=\"column\" data-e-type=\"column\">\n\t\t\t<div class=\"elementor-widget-wrap elementor-element-populated\">\n\t\t\t\t\t\t<div class=\"elementor-element elementor-element-febxjkq elementor-widget elementor-widget-rt-heading\" data-id=\"febxjkq\" data-element_type=\"widget\" data-e-type=\"widget\" data-widget_type=\"rt-heading.default\">\n\t\t\t\t<div class=\"elementor-widget-container\">\n\t\t\t\t\t<div class=\"rt-heading-wrapper\">\n\t\t\t\t\t\t<h4 class=\"rt-heading\" >Light steel constructions and prefabricated structures provide ideal solutions for both industrial and commercial applications.<\/h4>\n\t\t\t\t\t<\/div>\t\t\t\t<\/div>\n\t\t\t\t<\/div>\n\t\t\t\t\t<\/div>\n\t\t<\/div>\n\t\t\t\t<div class=\"elementor-column elementor-col-50 elementor-top-column elementor-element elementor-element-ypakvou\" data-id=\"ypakvou\" data-element_type=\"column\" data-e-type=\"column\">\n\t\t\t<div class=\"elementor-widget-wrap elementor-element-populated\">\n\t\t\t\t\t\t<div class=\"elementor-element elementor-element-ycwmhcs elementor-align-right elementor-tablet-align-center elementor-widget elementor-widget-rt-button\" data-id=\"ycwmhcs\" data-element_type=\"widget\" data-e-type=\"widget\" data-widget_type=\"rt-button.default\">\n\t\t\t\t<div class=\"elementor-widget-container\">\n\t\t\t\t\t<div class=\"button_wrapper  arrow\"><a href=\"https:\/\/emirgroup2010.com\/en\/iletisim\/\" target=\"_self\" title=\"Get a Quote\" class=\"button_  black big\"><span><span>Get a Quote<\/span><\/span><\/a><\/div>\t\t\t\t<\/div>\n\t\t\t\t<\/div>\n\t\t\t\t\t<\/div>\n\t\t<\/div>\n\t\t\t\t\t<\/div>\n\t\t<\/section>\n\t\t\t\t<section class=\"elementor-section elementor-top-section elementor-element elementor-element-twunyds elementor-section-content-middle elementor-section-boxed elementor-section-height-default elementor-section-height-default default-style\" data-id=\"twunyds\" data-element_type=\"section\" data-e-type=\"section\" data-settings=\"{&quot;background_background&quot;:&quot;classic&quot;,&quot;rt_color_sets&quot;:&quot;default-style&quot;}\">\n\t\t\t\t\t\t<div class=\"elementor-container elementor-column-gap-default\">\n\t\t\t\t\t<div class=\"elementor-column elementor-col-100 elementor-top-column elementor-element elementor-element-uzjsinh\" data-id=\"uzjsinh\" data-element_type=\"column\" data-e-type=\"column\">\n\t\t\t<div class=\"elementor-widget-wrap elementor-element-populated\">\n\t\t\t\t\t\t<div class=\"elementor-element elementor-element-iv6rcpx elementor-widget-divider--view-line elementor-widget elementor-widget-divider\" data-id=\"iv6rcpx\" data-element_type=\"widget\" data-e-type=\"widget\" data-widget_type=\"divider.default\">\n\t\t\t\t<div class=\"elementor-widget-container\">\n\t\t\t\t\t\t\t<div class=\"elementor-divider\">\n\t\t\t<span class=\"elementor-divider-separator\">\n\t\t\t\t\t\t<\/span>\n\t\t<\/div>\n\t\t\t\t\t\t<\/div>\n\t\t\t\t<\/div>\n\t\t\t\t\t<\/div>\n\t\t<\/div>\n\t\t\t\t\t<\/div>\n\t\t<\/section>\n\t\t\t\t<section class=\"elementor-section elementor-top-section elementor-element elementor-element-fgyllxh elementor-section-height-min-height elementor-section-content-middle elementor-section-boxed elementor-section-height-default elementor-section-items-middle default-style\" data-id=\"fgyllxh\" data-element_type=\"section\" data-e-type=\"section\" data-settings=\"{&quot;rt_color_sets&quot;:&quot;default-style&quot;}\">\n\t\t\t\t\t\t<div class=\"elementor-container elementor-column-gap-default\">\n\t\t\t\t\t<div class=\"elementor-column elementor-col-50 elementor-top-column elementor-element elementor-element-tlxcrvd elementor-invisible\" data-id=\"tlxcrvd\" data-element_type=\"column\" data-e-type=\"column\" data-settings=\"{&quot;animation&quot;:&quot;fadeIn&quot;}\">\n\t\t\t<div class=\"elementor-widget-wrap elementor-element-populated\">\n\t\t\t\t\t\t<div class=\"elementor-element elementor-element-znjwqqu elementor-widget elementor-widget-rt-heading\" data-id=\"znjwqqu\" data-element_type=\"widget\" data-e-type=\"widget\" data-widget_type=\"rt-heading.default\">\n\t\t\t\t<div class=\"elementor-widget-container\">\n\t\t\t\t\t<div class=\"rt-heading-wrapper\">\n\t\t\t\t\t\t<span class=\"punchline\">Emir Group<\/span><h4 class=\"rt-heading with_punchline\" >Our Steel Structure Activities<\/h4>\n\t\t\t\t\t<\/div>\t\t\t\t<\/div>\n\t\t\t\t<\/div>\n\t\t\t\t<div class=\"elementor-element elementor-element-1321885 elementor-widget elementor-widget-text-editor\" data-id=\"1321885\" data-element_type=\"widget\" data-e-type=\"widget\" data-widget_type=\"text-editor.default\">\n\t\t\t\t<div class=\"elementor-widget-container\">\n\t\t\t\t\t\t\t\t\t<p>Emir Group specializes in steel structure projects, offering solutions that stand out for their durability and quick assembly. Light steel constructions and prefabricated structures provide ideal solutions for both industrial and commercial applications. Our steel structure systems offer significant advantages to our clients with their long lifespan and low maintenance costs. Steel structures, known for their high earthquake resistance, have become a preferred choice for safety.<\/p><p>\u00a0<\/p>\t\t\t\t\t\t\t\t<\/div>\n\t\t\t\t<\/div>\n\t\t\t\t\t<\/div>\n\t\t<\/div>\n\t\t\t\t<div class=\"elementor-column elementor-col-50 elementor-top-column elementor-element elementor-element-601b15d\" data-id=\"601b15d\" data-element_type=\"column\" data-e-type=\"column\">\n\t\t\t<div class=\"elementor-widget-wrap elementor-element-populated\">\n\t\t\t\t\t\t<div class=\"elementor-element elementor-element-b93a409 elementor-widget elementor-widget-video\" data-id=\"b93a409\" data-element_type=\"widget\" data-e-type=\"widget\" data-settings=\"{&quot;video_type&quot;:&quot;hosted&quot;,&quot;autoplay&quot;:&quot;yes&quot;,&quot;play_on_mobile&quot;:&quot;yes&quot;,&quot;mute&quot;:&quot;yes&quot;,&quot;loop&quot;:&quot;yes&quot;}\" data-widget_type=\"video.default\">\n\t\t\t\t<div class=\"elementor-widget-container\">\n\t\t\t\t\t\t\t<div class=\"e-hosted-video elementor-wrapper elementor-open-inline\">\n\t\t\t\t\t<video class=\"elementor-video\" src=\"https:\/\/emirgroup2010.com\/wp-content\/uploads\/2024\/11\/celikyapilar.mp4\" autoplay=\"\" loop=\"\" muted=\"muted\" playsinline=\"\" controlslist=\"nodownload\"><\/video>\n\t\t\t\t<\/div>\n\t\t\t\t\t\t<\/div>\n\t\t\t\t<\/div>\n\t\t\t\t\t<\/div>\n\t\t<\/div>\n\t\t\t\t\t<\/div>\n\t\t<\/section>\n\t\t<div class=\"elementor-element elementor-element-a0db307 e-flex e-con-boxed default-style elementor-invisible e-con e-parent\" data-id=\"a0db307\" data-element_type=\"container\" data-e-type=\"container\" data-settings=\"{&quot;animation&quot;:&quot;fadeInDown&quot;,&quot;rt_color_sets&quot;:&quot;default-style&quot;}\">\n\t\t\t\t\t<div class=\"e-con-inner\">\n\t\t\t\t<div class=\"elementor-element elementor-element-2785e34 elementor-widget elementor-widget-rt-image-carousel\" data-id=\"2785e34\" data-element_type=\"widget\" data-e-type=\"widget\" data-widget_type=\"rt-image-carousel.default\">\n\t\t\t\t<div class=\"elementor-widget-container\">\n\t\t\t\t\t\r\n\t\t\t\t<div id=\"image-carousel-445948\" class=\"rt-carousel carousel-holder clearfix rt-image-carousel  rt_lightbox_gallery shadows\" data-item-width=\"3\" data-nav=\"\" data-dots=\"\" data-margin=\"0\" data-autoplay=\"true\" data-timeout=\"2000\" data-thumbnails=\"false\" data-boxed=\"\" data-min-height=\"\" data-padding=\"0\" data-loop=\"true\" data-tablet-item-width=\"\" data-mobile-item-width=\"\">\r\n\t\t\t\t\t<div class=\"owl-carousel\">\r\n\t\t\t\t\t\t<div><img fetchpriority=\"high\" decoding=\"async\" src=\"https:\/\/emirgroup2010.com\/wp-content\/uploads\/2024\/11\/WhatsApp-Image-2024-11-09-at-23.26.15-800x800.jpeg\" width=\"800\" height=\"800\" alt=\"\"><\/div><div><img decoding=\"async\" src=\"https:\/\/emirgroup2010.com\/wp-content\/uploads\/2024\/11\/WhatsApp-Image-2024-11-09-at-23.27.46-1-800x800.jpeg\" width=\"800\" height=\"800\" alt=\"\"><\/div><div><img decoding=\"async\" src=\"https:\/\/emirgroup2010.com\/wp-content\/uploads\/2024\/11\/WhatsApp-Image-2024-11-09-at-23.26.16-2-800x800.jpeg\" width=\"800\" height=\"800\" alt=\"\"><\/div><div><img loading=\"lazy\" decoding=\"async\" src=\"https:\/\/emirgroup2010.com\/wp-content\/uploads\/2024\/11\/WhatsApp-Image-2024-11-09-at-23.26.17-2-800x800.jpeg\" width=\"800\" height=\"800\" alt=\"\"><\/div><div><img loading=\"lazy\" decoding=\"async\" src=\"https:\/\/emirgroup2010.com\/wp-content\/uploads\/2024\/11\/d6d9b328-9d4c-4a88-9328-cf94f09a09ca-800x800.webp\" width=\"800\" height=\"800\" alt=\"\"><\/div><div><img loading=\"lazy\" decoding=\"async\" src=\"https:\/\/emirgroup2010.com\/wp-content\/uploads\/2024\/11\/30ad484d-7f71-434e-b556-0c8ef4187c2f-800x800.webp\" width=\"800\" height=\"800\" alt=\"\"><\/div>\r\n\t\t\t\t\t<\/div>\r\n\t\t\t\t\t\r\n\t\t\t\t\t\r\n\t\t\t\t<\/div>\r\n\t\t\t\t\t\t\t<\/div>\n\t\t\t\t<\/div>\n\t\t\t\t\t<\/div>\n\t\t\t\t<\/div>\n\t\t\t\t<section class=\"elementor-section elementor-top-section elementor-element elementor-element-846018e elementor-section-height-min-height elementor-section-content-middle elementor-section-boxed elementor-section-height-default elementor-section-items-middle default-style elementor-invisible\" data-id=\"846018e\" data-element_type=\"section\" data-e-type=\"section\" data-settings=\"{&quot;animation&quot;:&quot;slideInLeft&quot;,&quot;rt_color_sets&quot;:&quot;default-style&quot;}\">\n\t\t\t\t\t\t<div class=\"elementor-container elementor-column-gap-default\">\n\t\t\t\t\t<div class=\"elementor-column elementor-col-100 elementor-top-column elementor-element elementor-element-da7900a elementor-invisible\" data-id=\"da7900a\" data-element_type=\"column\" data-e-type=\"column\" data-settings=\"{&quot;animation&quot;:&quot;fadeIn&quot;}\">\n\t\t\t<div class=\"elementor-widget-wrap elementor-element-populated\">\n\t\t\t\t\t\t<div class=\"elementor-element elementor-element-ad6491a elementor-widget elementor-widget-text-editor\" data-id=\"ad6491a\" data-element_type=\"widget\" data-e-type=\"widget\" data-widget_type=\"text-editor.default\">\n\t\t\t\t<div class=\"elementor-widget-container\">\n\t\t\t\t\t\t\t\t\t<p>In our steel structure projects, we provide comprehensive services covering all stages, from design to production and assembly. During these processes, our engineering team utilizes the latest technologies to ensure projects are executed with maximum efficiency. Tailor-designed and optimized steel structures offer the advantage of rapid installation and assembly. This minimizes construction time and allows projects to be completed faster. This speed is a significant advantage, particularly for commercial projects, as it ensures cost and time savings.<\/p><p>In our steel structure projects, we place great importance on quality and safety standards. The materials we use are certified to international quality standards and are resistant to harsh environmental conditions. Our expert team meticulously supervises each project, ensuring the construction of long-lasting and secure structures. To maintain the highest level of customer satisfaction, we conduct comprehensive analyses for every project and offer tailored solutions to our clients. This approach is the key factor that sets us apart in the industry and establishes us as a reliable solution partner.<\/p>\t\t\t\t\t\t\t\t<\/div>\n\t\t\t\t<\/div>\n\t\t\t\t\t<\/div>\n\t\t<\/div>\n\t\t\t\t\t<\/div>\n\t\t<\/section>\n\t\t\t\t<\/div>","protected":false},"excerpt":{"rendered":"<p>Hafif \u00e7elik konstr\u00fcksiyonlar ve prefabrik yap\u0131lar, hem end\u00fcstriyel hem de ticari uygulamalar i\u00e7in ideal \u00e7\u00f6z\u00fcmler sunar. Teklif Al Emir Grup\u00c7elik Yap\u0131 Faaliyetlerimiz Emir Grup, \u00e7elik yap\u0131 projelerinde uzmanla\u015farak, dayan\u0131kl\u0131l\u0131\u011f\u0131 ve h\u0131zla kurulabilirli\u011fi ile \u00f6ne \u00e7\u0131kan \u00e7\u00f6z\u00fcmler sunmaktad\u0131r. Hafif \u00e7elik konstr\u00fcksiyonlar ve prefabrik yap\u0131lar, hem end\u00fcstriyel hem de ticari uygulamalar i\u00e7in ideal \u00e7\u00f6z\u00fcmler sunar. \u00c7elik yap\u0131 [&hellip;]<\/p>\n","protected":false},"author":1,"featured_media":0,"parent":0,"menu_order":0,"comment_status":"closed","ping_status":"closed","template":"","meta":{"footnotes":""},"class_list":["post-5057","page","type-page","status-publish","hentry"],"_links":{"self":[{"href":"https:\/\/emirgroup2010.com\/en\/wp-json\/wp\/v2\/pages\/5057","targetHints":{"allow":["GET"]}}],"collection":[{"href":"https:\/\/emirgroup2010.com\/en\/wp-json\/wp\/v2\/pages"}],"about":[{"href":"https:\/\/emirgroup2010.com\/en\/wp-json\/wp\/v2\/types\/page"}],"author":[{"embeddable":true,"href":"https:\/\/emirgroup2010.com\/en\/wp-json\/wp\/v2\/users\/1"}],"replies":[{"embeddable":true,"href":"https:\/\/emirgroup2010.com\/en\/wp-json\/wp\/v2\/comments?post=5057"}],"version-history":[{"count":10,"href":"https:\/\/emirgroup2010.com\/en\/wp-json\/wp\/v2\/pages\/5057\/revisions"}],"predecessor-version":[{"id":5296,"href":"https:\/\/emirgroup2010.com\/en\/wp-json\/wp\/v2\/pages\/5057\/revisions\/5296"}],"wp:attachment":[{"href":"https:\/\/emirgroup2010.com\/en\/wp-json\/wp\/v2\/media?parent=5057"}],"curies":[{"name":"wp","href":"https:\/\/api.w.org\/{rel}","templated":true}]}}