{"id":5061,"date":"2024-11-15T13:07:34","date_gmt":"2024-11-15T10:07:34","guid":{"rendered":"https:\/\/emirgroup2010.com\/?page_id=5061"},"modified":"2024-11-28T19:10:03","modified_gmt":"2024-11-28T16:10:03","slug":"emir-saglik","status":"publish","type":"page","link":"https:\/\/emirgroup2010.com\/en\/emir-saglik\/","title":{"rendered":"Emir Health"},"content":{"rendered":"<div data-elementor-type=\"wp-post\" data-elementor-id=\"5061\" class=\"elementor elementor-5061\" data-elementor-post-type=\"page\">\n\t\t\t\t\t\t<section class=\"elementor-section elementor-top-section elementor-element elementor-element-pgclqir elementor-section-boxed elementor-section-height-default elementor-section-height-default default-style elementor-invisible\" data-id=\"pgclqir\" data-element_type=\"section\" data-e-type=\"section\" data-settings=\"{&quot;background_background&quot;:&quot;classic&quot;,&quot;animation&quot;:&quot;fadeIn&quot;,&quot;rt_color_sets&quot;:&quot;default-style&quot;}\">\n\t\t\t\t\t\t<div class=\"elementor-container elementor-column-gap-default\">\n\t\t\t\t\t<div class=\"elementor-column elementor-col-50 elementor-top-column elementor-element elementor-element-ceffsvt\" data-id=\"ceffsvt\" data-element_type=\"column\" data-e-type=\"column\">\n\t\t\t<div class=\"elementor-widget-wrap elementor-element-populated\">\n\t\t\t\t\t\t<div class=\"elementor-element elementor-element-febxjkq elementor-widget elementor-widget-rt-heading\" data-id=\"febxjkq\" data-element_type=\"widget\" data-e-type=\"widget\" data-widget_type=\"rt-heading.default\">\n\t\t\t\t<div class=\"elementor-widget-container\">\n\t\t\t\t\t<div class=\"rt-heading-wrapper\">\n\t\t\t\t\t\t<h4 class=\"rt-heading\" >Emir Group develops modern, functional, and technologically advanced projects in the healthcare sector, prioritizing patient safety and comfort. <\/h4>\n\t\t\t\t\t<\/div>\t\t\t\t<\/div>\n\t\t\t\t<\/div>\n\t\t\t\t\t<\/div>\n\t\t<\/div>\n\t\t\t\t<div class=\"elementor-column elementor-col-50 elementor-top-column elementor-element elementor-element-ypakvou\" data-id=\"ypakvou\" data-element_type=\"column\" data-e-type=\"column\">\n\t\t\t<div class=\"elementor-widget-wrap elementor-element-populated\">\n\t\t\t\t\t\t<div class=\"elementor-element elementor-element-ycwmhcs elementor-align-right elementor-tablet-align-center elementor-widget elementor-widget-rt-button\" data-id=\"ycwmhcs\" data-element_type=\"widget\" data-e-type=\"widget\" data-widget_type=\"rt-button.default\">\n\t\t\t\t<div class=\"elementor-widget-container\">\n\t\t\t\t\t<div class=\"button_wrapper  arrow\"><a href=\"https:\/\/emirgroup2010.com\/en\/iletisim\/\" target=\"_self\" title=\"Get a Quote\" class=\"button_  black big\"><span><span>Get a Quote<\/span><\/span><\/a><\/div>\t\t\t\t<\/div>\n\t\t\t\t<\/div>\n\t\t\t\t\t<\/div>\n\t\t<\/div>\n\t\t\t\t\t<\/div>\n\t\t<\/section>\n\t\t\t\t<section class=\"elementor-section elementor-top-section elementor-element elementor-element-twunyds elementor-section-content-middle elementor-section-boxed elementor-section-height-default elementor-section-height-default default-style\" data-id=\"twunyds\" data-element_type=\"section\" data-e-type=\"section\" data-settings=\"{&quot;background_background&quot;:&quot;classic&quot;,&quot;rt_color_sets&quot;:&quot;default-style&quot;}\">\n\t\t\t\t\t\t<div class=\"elementor-container elementor-column-gap-default\">\n\t\t\t\t\t<div class=\"elementor-column elementor-col-100 elementor-top-column elementor-element elementor-element-uzjsinh\" data-id=\"uzjsinh\" data-element_type=\"column\" data-e-type=\"column\">\n\t\t\t<div class=\"elementor-widget-wrap elementor-element-populated\">\n\t\t\t\t\t\t<div class=\"elementor-element elementor-element-iv6rcpx elementor-widget-divider--view-line elementor-widget elementor-widget-divider\" data-id=\"iv6rcpx\" data-element_type=\"widget\" data-e-type=\"widget\" data-widget_type=\"divider.default\">\n\t\t\t\t<div class=\"elementor-widget-container\">\n\t\t\t\t\t\t\t<div class=\"elementor-divider\">\n\t\t\t<span class=\"elementor-divider-separator\">\n\t\t\t\t\t\t<\/span>\n\t\t<\/div>\n\t\t\t\t\t\t<\/div>\n\t\t\t\t<\/div>\n\t\t\t\t\t<\/div>\n\t\t<\/div>\n\t\t\t\t\t<\/div>\n\t\t<\/section>\n\t\t\t\t<section class=\"elementor-section elementor-top-section elementor-element elementor-element-fgyllxh elementor-section-height-min-height elementor-section-content-middle elementor-section-boxed elementor-section-height-default elementor-section-items-middle default-style elementor-invisible\" data-id=\"fgyllxh\" data-element_type=\"section\" data-e-type=\"section\" data-settings=\"{&quot;animation&quot;:&quot;fadeInUp&quot;,&quot;rt_color_sets&quot;:&quot;default-style&quot;}\">\n\t\t\t\t\t\t<div class=\"elementor-container elementor-column-gap-default\">\n\t\t\t\t\t<div class=\"elementor-column elementor-col-50 elementor-top-column elementor-element elementor-element-tlxcrvd elementor-invisible\" data-id=\"tlxcrvd\" data-element_type=\"column\" data-e-type=\"column\" data-settings=\"{&quot;animation&quot;:&quot;fadeIn&quot;}\">\n\t\t\t<div class=\"elementor-widget-wrap elementor-element-populated\">\n\t\t\t\t\t\t<div class=\"elementor-element elementor-element-znjwqqu elementor-widget elementor-widget-rt-heading\" data-id=\"znjwqqu\" data-element_type=\"widget\" data-e-type=\"widget\" data-widget_type=\"rt-heading.default\">\n\t\t\t\t<div class=\"elementor-widget-container\">\n\t\t\t\t\t<div class=\"rt-heading-wrapper\">\n\t\t\t\t\t\t<span class=\"punchline\">Emir Group<\/span><h4 class=\"rt-heading with_punchline\" >Our Healthcare Sector Activities<\/h4>\n\t\t\t\t\t<\/div>\t\t\t\t<\/div>\n\t\t\t\t<\/div>\n\t\t\t\t<div class=\"elementor-element elementor-element-1321885 elementor-widget elementor-widget-text-editor\" data-id=\"1321885\" data-element_type=\"widget\" data-e-type=\"widget\" data-widget_type=\"text-editor.default\">\n\t\t\t\t<div class=\"elementor-widget-container\">\n\t\t\t\t\t\t\t\t\t<p>In our healthcare projects, we provide comprehensive engineering services for structures such as hospitals and clinics. In every project, we ensure full compliance with health standards and regulations, building safe and high-quality structures. Our healthcare sector projects are specifically designed to meet the needs of hospital staff and patients.<\/p><p>In healthcare structures, we ensure functionality and efficiency by using smart building systems and modern medical technologies. We aim to enhance the quality of healthcare services with automation systems that support hospital operations, patient-centered designs, and solutions that promote energy efficiency. In our healthcare projects, having a strong technological infrastructure and ensuring patient safety are our top priorities.<\/p>\t\t\t\t\t\t\t\t<\/div>\n\t\t\t\t<\/div>\n\t\t\t\t\t<\/div>\n\t\t<\/div>\n\t\t\t\t<div class=\"elementor-column elementor-col-50 elementor-top-column elementor-element elementor-element-194366c\" data-id=\"194366c\" data-element_type=\"column\" data-e-type=\"column\">\n\t\t\t<div class=\"elementor-widget-wrap elementor-element-populated\">\n\t\t\t\t\t\t<div class=\"elementor-element elementor-element-363fc00 elementor-widget elementor-widget-video\" data-id=\"363fc00\" data-element_type=\"widget\" data-e-type=\"widget\" data-settings=\"{&quot;video_type&quot;:&quot;hosted&quot;,&quot;autoplay&quot;:&quot;yes&quot;,&quot;play_on_mobile&quot;:&quot;yes&quot;,&quot;mute&quot;:&quot;yes&quot;,&quot;loop&quot;:&quot;yes&quot;}\" data-widget_type=\"video.default\">\n\t\t\t\t<div class=\"elementor-widget-container\">\n\t\t\t\t\t\t\t<div class=\"e-hosted-video elementor-wrapper elementor-open-inline\">\n\t\t\t\t\t<video class=\"elementor-video\" src=\"https:\/\/emirgroup2010.com\/wp-content\/uploads\/2024\/11\/emirwebanasayfa.mp4\" autoplay=\"\" loop=\"\" muted=\"muted\" playsinline=\"\" controlslist=\"nodownload\"><\/video>\n\t\t\t\t<\/div>\n\t\t\t\t\t\t<\/div>\n\t\t\t\t<\/div>\n\t\t\t\t\t<\/div>\n\t\t<\/div>\n\t\t\t\t\t<\/div>\n\t\t<\/section>\n\t\t\t\t<section class=\"elementor-section elementor-top-section elementor-element elementor-element-b2ae49a elementor-section-content-middle elementor-section-boxed elementor-section-height-default elementor-section-height-default default-style elementor-invisible\" data-id=\"b2ae49a\" data-element_type=\"section\" data-e-type=\"section\" data-settings=\"{&quot;background_background&quot;:&quot;classic&quot;,&quot;animation&quot;:&quot;zoomIn&quot;,&quot;rt_color_sets&quot;:&quot;default-style&quot;}\">\n\t\t\t\t\t\t<div class=\"elementor-container elementor-column-gap-default\">\n\t\t\t\t\t<div class=\"elementor-column elementor-col-50 elementor-top-column elementor-element elementor-element-2c27336\" data-id=\"2c27336\" data-element_type=\"column\" data-e-type=\"column\">\n\t\t\t<div class=\"elementor-widget-wrap elementor-element-populated\">\n\t\t\t\t\t\t<div class=\"elementor-element elementor-element-dd736e8 elementor-widget elementor-widget-rt-heading\" data-id=\"dd736e8\" data-element_type=\"widget\" data-e-type=\"widget\" data-widget_type=\"rt-heading.default\">\n\t\t\t\t<div class=\"elementor-widget-container\">\n\t\t\t\t\t<div class=\"rt-heading-wrapper\">\n\t\t\t\t\t\t<h4 class=\"rt-heading\" >Visit the website of our Ukraine - Brave Hearts Project.<\/h4>\n\t\t\t\t\t<\/div>\t\t\t\t<\/div>\n\t\t\t\t<\/div>\n\t\t\t\t\t<\/div>\n\t\t<\/div>\n\t\t\t\t<div class=\"elementor-column elementor-col-50 elementor-top-column elementor-element elementor-element-af41a2b\" data-id=\"af41a2b\" data-element_type=\"column\" data-e-type=\"column\">\n\t\t\t<div class=\"elementor-widget-wrap elementor-element-populated\">\n\t\t\t\t\t\t<div class=\"elementor-element elementor-element-979d5fc elementor-align-right elementor-tablet-align-center elementor-widget elementor-widget-rt-button\" data-id=\"979d5fc\" data-element_type=\"widget\" data-e-type=\"widget\" data-widget_type=\"rt-button.default\">\n\t\t\t\t<div class=\"elementor-widget-container\">\n\t\t\t\t\t<div class=\"button_wrapper  arrow\"><a href=\"https:\/\/braveheartsukraine.com.ua\/uk\/\" target=\"_self\" title=\"Go To Website\" class=\"button_  style-1 big\"><span><span>Go To Website<\/span><\/span><\/a><\/div>\t\t\t\t<\/div>\n\t\t\t\t<\/div>\n\t\t\t\t\t<\/div>\n\t\t<\/div>\n\t\t\t\t\t<\/div>\n\t\t<\/section>\n\t\t<div class=\"elementor-element elementor-element-a0db307 e-flex e-con-boxed default-style elementor-invisible e-con e-parent\" data-id=\"a0db307\" data-element_type=\"container\" data-e-type=\"container\" data-settings=\"{&quot;animation&quot;:&quot;fadeInRight&quot;,&quot;rt_color_sets&quot;:&quot;default-style&quot;}\">\n\t\t\t\t\t<div class=\"e-con-inner\">\n\t\t\t\t<div class=\"elementor-element elementor-element-2785e34 elementor-widget elementor-widget-rt-image-carousel\" data-id=\"2785e34\" data-element_type=\"widget\" data-e-type=\"widget\" data-widget_type=\"rt-image-carousel.default\">\n\t\t\t\t<div class=\"elementor-widget-container\">\n\t\t\t\t\t\r\n\t\t\t\t<div id=\"image-carousel-932127\" class=\"rt-carousel carousel-holder clearfix rt-image-carousel  rt_lightbox_gallery shadows\" data-item-width=\"3\" data-nav=\"\" data-dots=\"\" data-margin=\"0\" data-autoplay=\"true\" data-timeout=\"2000\" data-thumbnails=\"false\" data-boxed=\"\" data-min-height=\"\" data-padding=\"0\" data-loop=\"true\" data-tablet-item-width=\"\" data-mobile-item-width=\"\">\r\n\t\t\t\t\t<div class=\"owl-carousel\">\r\n\t\t\t\t\t\t<div><img fetchpriority=\"high\" decoding=\"async\" src=\"https:\/\/emirgroup2010.com\/wp-content\/uploads\/2024\/11\/WhatsApp-Image-2024-11-09-at-23.29.11-3-800x800.jpeg\" width=\"800\" height=\"800\" alt=\"\"><\/div><div><img decoding=\"async\" src=\"https:\/\/emirgroup2010.com\/wp-content\/uploads\/2024\/11\/WhatsApp-Image-2024-11-09-at-23.29.13-2-800x800.jpeg\" width=\"800\" height=\"800\" alt=\"\"><\/div><div><img decoding=\"async\" src=\"https:\/\/emirgroup2010.com\/wp-content\/uploads\/2024\/11\/WhatsApp-Image-2024-11-09-at-23.29.12-2-800x800.jpeg\" width=\"800\" height=\"800\" alt=\"\"><\/div><div><img loading=\"lazy\" decoding=\"async\" src=\"https:\/\/emirgroup2010.com\/wp-content\/uploads\/2024\/11\/WhatsApp-Image-2024-11-09-at-23.29.12-1-800x800.jpeg\" width=\"800\" height=\"800\" alt=\"\"><\/div><div><img loading=\"lazy\" decoding=\"async\" src=\"https:\/\/emirgroup2010.com\/wp-content\/uploads\/2024\/11\/WhatsApp-Image-2024-11-09-at-23.29.12-800x800.jpeg\" width=\"800\" height=\"800\" alt=\"\"><\/div><div><img loading=\"lazy\" decoding=\"async\" src=\"https:\/\/emirgroup2010.com\/wp-content\/uploads\/2024\/11\/WhatsApp-Image-2024-11-09-at-23.29.11-2-800x800.jpeg\" width=\"800\" height=\"800\" alt=\"\"><\/div><div><img loading=\"lazy\" decoding=\"async\" src=\"https:\/\/emirgroup2010.com\/wp-content\/uploads\/2024\/11\/WhatsApp-Image-2024-11-09-at-23.29.11-1-800x800.jpeg\" width=\"800\" height=\"800\" alt=\"\"><\/div>\r\n\t\t\t\t\t<\/div>\r\n\t\t\t\t\t\r\n\t\t\t\t\t\r\n\t\t\t\t<\/div>\r\n\t\t\t\t\t\t\t<\/div>\n\t\t\t\t<\/div>\n\t\t\t\t\t<\/div>\n\t\t\t\t<\/div>\n\t\t\t\t<section class=\"elementor-section elementor-top-section elementor-element elementor-element-846018e elementor-section-height-min-height elementor-section-content-middle elementor-section-boxed elementor-section-height-default elementor-section-items-middle default-style elementor-invisible\" data-id=\"846018e\" data-element_type=\"section\" data-e-type=\"section\" data-settings=\"{&quot;animation&quot;:&quot;fadeInLeft&quot;,&quot;rt_color_sets&quot;:&quot;default-style&quot;}\">\n\t\t\t\t\t\t<div class=\"elementor-container elementor-column-gap-default\">\n\t\t\t\t\t<div class=\"elementor-column elementor-col-100 elementor-top-column elementor-element elementor-element-da7900a elementor-invisible\" data-id=\"da7900a\" data-element_type=\"column\" data-e-type=\"column\" data-settings=\"{&quot;animation&quot;:&quot;fadeIn&quot;}\">\n\t\t\t<div class=\"elementor-widget-wrap elementor-element-populated\">\n\t\t\t\t\t\t<div class=\"elementor-element elementor-element-ad6491a elementor-widget elementor-widget-text-editor\" data-id=\"ad6491a\" data-element_type=\"widget\" data-e-type=\"widget\" data-widget_type=\"text-editor.default\">\n\t\t\t\t<div class=\"elementor-widget-container\">\n\t\t\t\t\t\t\t\t\t<p>Our healthcare projects are brought to life through the meticulous work of our expert engineering team. At every stage, we offer solutions tailored to customer needs, ensuring timely and complete delivery of the projects. The experience and knowledge we have gained in healthcare projects make us a reliable solution partner in the industry. Our goal is to contribute to the quality of healthcare services by providing modern, functional, and safe solutions in healthcare structures.<\/p>\t\t\t\t\t\t\t\t<\/div>\n\t\t\t\t<\/div>\n\t\t\t\t\t<\/div>\n\t\t<\/div>\n\t\t\t\t\t<\/div>\n\t\t<\/section>\n\t\t\t\t<\/div>","protected":false},"excerpt":{"rendered":"<p>Emir Grup, sa\u011fl\u0131k sekt\u00f6r\u00fcnde modern, i\u015flevsel ve teknolojik altyap\u0131ya sahip projeler geli\u015ftirerek, hasta g\u00fcvenli\u011fi ve konforunu \u00f6n planda tutmaktad\u0131r. Teklif Al Emir GrupSa\u011fl\u0131k Sekt\u00f6r\u00fc Faaliyetlerimiz Sa\u011fl\u0131k projelerimizde, hastane ve klinik gibi yap\u0131lar i\u00e7in kapsaml\u0131 m\u00fchendislik hizmetleri sunuyoruz. Her projede, sa\u011fl\u0131k standartlar\u0131na ve reg\u00fclasyonlara tam uyum sa\u011flanarak, g\u00fcvenli ve kaliteli yap\u0131lar in\u015fa ediyoruz. Sa\u011fl\u0131k sekt\u00f6r\u00fcndeki projelerimiz, [&hellip;]<\/p>\n","protected":false},"author":1,"featured_media":0,"parent":0,"menu_order":0,"comment_status":"closed","ping_status":"closed","template":"","meta":{"footnotes":""},"class_list":["post-5061","page","type-page","status-publish","hentry"],"_links":{"self":[{"href":"https:\/\/emirgroup2010.com\/en\/wp-json\/wp\/v2\/pages\/5061","targetHints":{"allow":["GET"]}}],"collection":[{"href":"https:\/\/emirgroup2010.com\/en\/wp-json\/wp\/v2\/pages"}],"about":[{"href":"https:\/\/emirgroup2010.com\/en\/wp-json\/wp\/v2\/types\/page"}],"author":[{"embeddable":true,"href":"https:\/\/emirgroup2010.com\/en\/wp-json\/wp\/v2\/users\/1"}],"replies":[{"embeddable":true,"href":"https:\/\/emirgroup2010.com\/en\/wp-json\/wp\/v2\/comments?post=5061"}],"version-history":[{"count":7,"href":"https:\/\/emirgroup2010.com\/en\/wp-json\/wp\/v2\/pages\/5061\/revisions"}],"predecessor-version":[{"id":5303,"href":"https:\/\/emirgroup2010.com\/en\/wp-json\/wp\/v2\/pages\/5061\/revisions\/5303"}],"wp:attachment":[{"href":"https:\/\/emirgroup2010.com\/en\/wp-json\/wp\/v2\/media?parent=5061"}],"curies":[{"name":"wp","href":"https:\/\/api.w.org\/{rel}","templated":true}]}}