{"id":5388,"date":"2025-03-14T17:50:32","date_gmt":"2025-03-14T14:50:32","guid":{"rendered":"https:\/\/emirgroup2010.com\/?page_id=5388"},"modified":"2025-03-14T17:50:50","modified_gmt":"2025-03-14T14:50:50","slug":"bezelye","status":"publish","type":"page","link":"https:\/\/emirgroup2010.com\/en\/bakliyat\/bezelye\/","title":{"rendered":"Dried Peas"},"content":{"rendered":"<div data-elementor-type=\"wp-page\" data-elementor-id=\"5388\" class=\"elementor elementor-5388\" data-elementor-post-type=\"page\">\n\t\t\t\t<div class=\"elementor-element elementor-element-2047f1a e-flex e-con-boxed default-style e-con e-parent\" data-id=\"2047f1a\" data-element_type=\"container\" data-e-type=\"container\" data-settings=\"{&quot;rt_color_sets&quot;:&quot;default-style&quot;}\">\n\t\t\t\t\t<div class=\"e-con-inner\">\n\t\t\t\t<div class=\"elementor-element elementor-element-7406996 elementor-widget elementor-widget-text-editor\" data-id=\"7406996\" data-element_type=\"widget\" data-e-type=\"widget\" data-widget_type=\"text-editor.default\">\n\t\t\t\t<div class=\"elementor-widget-container\">\n\t\t\t\t\t\t\t\t\t<p><em>\u201cEmir Group specializes in foreign trade, particularly in grain and legume products, providing services based on high quality and reliability principles.\u201d<\/em><\/p>\t\t\t\t\t\t\t\t<\/div>\n\t\t\t\t<\/div>\n\t\t\t\t\t<\/div>\n\t\t\t\t<\/div>\n\t\t<div class=\"elementor-element elementor-element-2d91b67 e-flex e-con-boxed default-style e-con e-parent\" data-id=\"2d91b67\" data-element_type=\"container\" data-e-type=\"container\" data-settings=\"{&quot;rt_color_sets&quot;:&quot;default-style&quot;}\">\n\t\t\t\t\t<div class=\"e-con-inner\">\n\t\t<div class=\"elementor-element elementor-element-4a5a190 e-con-full e-flex default-style e-con e-child\" data-id=\"4a5a190\" data-element_type=\"container\" data-e-type=\"container\" data-settings=\"{&quot;rt_color_sets&quot;:&quot;default-style&quot;}\">\n\t\t\t\t<div class=\"elementor-element elementor-element-b7727c1 elementor-widget elementor-widget-image\" data-id=\"b7727c1\" data-element_type=\"widget\" data-e-type=\"widget\" data-widget_type=\"image.default\">\n\t\t\t\t<div class=\"elementor-widget-container\">\n\t\t\t\t\t\t\t\t\t\t\t\t\t\t\t<img fetchpriority=\"high\" decoding=\"async\" width=\"768\" height=\"768\" src=\"https:\/\/emirgroup2010.com\/wp-content\/uploads\/2025\/03\/bezelye.jpg\" class=\"attachment-full size-full wp-image-5390\" alt=\"\" srcset=\"https:\/\/emirgroup2010.com\/wp-content\/uploads\/2025\/03\/bezelye.jpg 768w, https:\/\/emirgroup2010.com\/wp-content\/uploads\/2025\/03\/bezelye-300x300.jpg 300w, https:\/\/emirgroup2010.com\/wp-content\/uploads\/2025\/03\/bezelye-150x150.jpg 150w, https:\/\/emirgroup2010.com\/wp-content\/uploads\/2025\/03\/bezelye-12x12.jpg 12w, https:\/\/emirgroup2010.com\/wp-content\/uploads\/2025\/03\/bezelye-384x384.jpg 384w\" sizes=\"(max-width: 768px) 100vw, 768px\" \/>\t\t\t\t\t\t\t\t\t\t\t\t\t\t\t<\/div>\n\t\t\t\t<\/div>\n\t\t\t\t<\/div>\n\t\t<div class=\"elementor-element elementor-element-ddd7ab7 e-con-full e-flex default-style e-con e-child\" data-id=\"ddd7ab7\" data-element_type=\"container\" data-e-type=\"container\" data-settings=\"{&quot;rt_color_sets&quot;:&quot;default-style&quot;}\">\n\t\t\t\t<div class=\"elementor-element elementor-element-d612d78 elementor-widget elementor-widget-heading\" data-id=\"d612d78\" data-element_type=\"widget\" data-e-type=\"widget\" data-widget_type=\"heading.default\">\n\t\t\t\t<div class=\"elementor-widget-container\">\n\t\t\t\t\t<h2 class=\"elementor-heading-title elementor-size-default\">Dried Peas<\/h2>\t\t\t\t<\/div>\n\t\t\t\t<\/div>\n\t\t\t\t<div class=\"elementor-element elementor-element-74be01d elementor-widget elementor-widget-text-editor\" data-id=\"74be01d\" data-element_type=\"widget\" data-e-type=\"widget\" data-widget_type=\"text-editor.default\">\n\t\t\t\t<div class=\"elementor-widget-container\">\n\t\t\t\t\t\t\t\t\t<ul><li>Our products are prepared according to your orders.<\/li><li>We have both open and closed storage areas.<\/li><li>We offer big bag sacks and packaging services in the sizes you require.<\/li><li>We offer logistics and transfer options.<\/li><li>We carry out export activities.<\/li><\/ul>\t\t\t\t\t\t\t\t<\/div>\n\t\t\t\t<\/div>\n\t\t\t\t<div class=\"elementor-element elementor-element-caef61d elementor-widget elementor-widget-rt-button\" data-id=\"caef61d\" data-element_type=\"widget\" data-e-type=\"widget\" data-widget_type=\"rt-button.default\">\n\t\t\t\t<div class=\"elementor-widget-container\">\n\t\t\t\t\t<div class=\"button_wrapper\"><a href=\"https:\/\/emirgroup2010.com\/en\/iletisim\/\" target=\"_self\" title=\"Get a Quote\" class=\"button_  style-1 small\"><span><span class=\"button-icon far fa-comments\"><\/span><span>Get a Quote<\/span><\/span><\/a><\/div>\t\t\t\t<\/div>\n\t\t\t\t<\/div>\n\t\t\t\t<\/div>\n\t\t\t\t\t<\/div>\n\t\t\t\t<\/div>\n\t\t<div class=\"elementor-element elementor-element-2b4b77b e-con-full e-flex default-style e-con e-parent\" data-id=\"2b4b77b\" data-element_type=\"container\" data-e-type=\"container\" data-settings=\"{&quot;rt_color_sets&quot;:&quot;default-style&quot;}\">\n\t\t\t\t<div class=\"elementor-element elementor-element-652eb76 e-transform elementor-widget elementor-widget-html\" data-id=\"652eb76\" data-element_type=\"widget\" data-e-type=\"widget\" data-settings=\"{&quot;_transform_translateX_effect&quot;:{&quot;unit&quot;:&quot;px&quot;,&quot;size&quot;:&quot;&quot;,&quot;sizes&quot;:[]},&quot;_transform_translateX_effect_tablet&quot;:{&quot;unit&quot;:&quot;px&quot;,&quot;size&quot;:&quot;&quot;,&quot;sizes&quot;:[]},&quot;_transform_translateX_effect_mobile&quot;:{&quot;unit&quot;:&quot;px&quot;,&quot;size&quot;:&quot;&quot;,&quot;sizes&quot;:[]},&quot;_transform_translateY_effect&quot;:{&quot;unit&quot;:&quot;px&quot;,&quot;size&quot;:&quot;&quot;,&quot;sizes&quot;:[]},&quot;_transform_translateY_effect_tablet&quot;:{&quot;unit&quot;:&quot;px&quot;,&quot;size&quot;:&quot;&quot;,&quot;sizes&quot;:[]},&quot;_transform_translateY_effect_mobile&quot;:{&quot;unit&quot;:&quot;px&quot;,&quot;size&quot;:&quot;&quot;,&quot;sizes&quot;:[]}}\" data-widget_type=\"html.default\">\n\t\t\t\t<div class=\"elementor-widget-container\">\n\t\t\t\t\t<div style=\"overflow: hidden; white-space: nowrap; background-color: white; font-size: 48px; font-weight: bold; color: #D3D3D3; text-transform: uppercase; padding: 10px;\">\n  <span id=\"marquee-text\" style=\"display: inline-block; animation: marquee 90s linear infinite;\">\n    Construction | Steel Structure | Foreign Trade | Construction | Steel Structure | Foreign Trade | Construction | Steel Structure | Foreign Trade | Construction | Steel Structure | Foreign Trade | Construction | Steel Structure | Foreign Trade | Construction | Steel Structure | Foreign Trade\n  <\/span>\n<\/div>\n\n<style>\n  @keyframes marquee {\n    0% { transform: translateX(0%); }\n    100% { transform: translateX(-100%); }\n  }\n\n  #marquee-text {\n    display: inline-block;\n    padding-left: 0; \/* Bo\u015fluklar\u0131 kald\u0131rmak i\u00e7in *\/\n  }\n<\/style>\n\t\t\t\t<\/div>\n\t\t\t\t<\/div>\n\t\t\t\t<\/div>\n\t\t\t\t<\/div>","protected":false},"excerpt":{"rendered":"<p>&#8220;Emir Grup, d\u0131\u015f ticaret alan\u0131nda \u00f6zellikle tah\u0131l ve bakliyat \u00fcr\u00fcnlerinde uzmanla\u015fm\u0131\u015f, y\u00fcksek kalite ve g\u00fcvenilirlik ilkelerine dayal\u0131 bir hizmet sunmaktad\u0131r.&#8221; Bezelye \u00dcr\u00fcnlerimiz sipari\u015flerinize g\u00f6re haz\u0131rlanmaktad\u0131r. A\u00e7\u0131k ve Kapal\u0131 depolama alanlar\u0131m\u0131z mevcuttur. \u0130stedi\u011finiz boyutta big pack \u00e7uval ve paketleme hizmetimiz vard\u0131r. Lojistik ve Transfer se\u00e7eneklerimiz mevcuttur. \u0130hracat faliyetleri ger\u00e7ekle\u015ftirmekteyiz. Fiyat Teklifi Al \u0130n\u015faat | \u00c7elik Yap\u0131 [&hellip;]<\/p>\n","protected":false},"author":1,"featured_media":0,"parent":5317,"menu_order":0,"comment_status":"closed","ping_status":"closed","template":"","meta":{"footnotes":""},"class_list":["post-5388","page","type-page","status-publish","hentry"],"_links":{"self":[{"href":"https:\/\/emirgroup2010.com\/en\/wp-json\/wp\/v2\/pages\/5388","targetHints":{"allow":["GET"]}}],"collection":[{"href":"https:\/\/emirgroup2010.com\/en\/wp-json\/wp\/v2\/pages"}],"about":[{"href":"https:\/\/emirgroup2010.com\/en\/wp-json\/wp\/v2\/types\/page"}],"author":[{"embeddable":true,"href":"https:\/\/emirgroup2010.com\/en\/wp-json\/wp\/v2\/users\/1"}],"replies":[{"embeddable":true,"href":"https:\/\/emirgroup2010.com\/en\/wp-json\/wp\/v2\/comments?post=5388"}],"version-history":[{"count":4,"href":"https:\/\/emirgroup2010.com\/en\/wp-json\/wp\/v2\/pages\/5388\/revisions"}],"predecessor-version":[{"id":5393,"href":"https:\/\/emirgroup2010.com\/en\/wp-json\/wp\/v2\/pages\/5388\/revisions\/5393"}],"up":[{"embeddable":true,"href":"https:\/\/emirgroup2010.com\/en\/wp-json\/wp\/v2\/pages\/5317"}],"wp:attachment":[{"href":"https:\/\/emirgroup2010.com\/en\/wp-json\/wp\/v2\/media?parent=5388"}],"curies":[{"name":"wp","href":"https:\/\/api.w.org\/{rel}","templated":true}]}}