{"id":5529,"date":"2025-03-19T20:12:40","date_gmt":"2025-03-19T17:12:40","guid":{"rendered":"https:\/\/emirgroup2010.com\/?page_id=5529"},"modified":"2025-03-19T20:16:06","modified_gmt":"2025-03-19T17:16:06","slug":"ham-aycicek-yagi","status":"publish","type":"page","link":"https:\/\/emirgroup2010.com\/en\/temel-gida\/ham-aycicek-yagi\/","title":{"rendered":"Crude Sunflower Oil"},"content":{"rendered":"<div data-elementor-type=\"wp-page\" data-elementor-id=\"5529\" class=\"elementor elementor-5529\" data-elementor-post-type=\"page\">\n\t\t\t\t<div class=\"elementor-element elementor-element-2047f1a e-flex e-con-boxed default-style e-con e-parent\" data-id=\"2047f1a\" data-element_type=\"container\" data-e-type=\"container\" data-settings=\"{&quot;rt_color_sets&quot;:&quot;default-style&quot;}\">\n\t\t\t\t\t<div class=\"e-con-inner\">\n\t\t\t\t<div class=\"elementor-element elementor-element-7406996 elementor-widget elementor-widget-text-editor\" data-id=\"7406996\" data-element_type=\"widget\" data-e-type=\"widget\" data-widget_type=\"text-editor.default\">\n\t\t\t\t<div class=\"elementor-widget-container\">\n\t\t\t\t\t\t\t\t\t<p><em>\u201cEmir Group specializes in foreign trade, particularly in grain and legume products, providing services based on high quality and reliability principles.\u201d<\/em><\/p>\t\t\t\t\t\t\t\t<\/div>\n\t\t\t\t<\/div>\n\t\t\t\t\t<\/div>\n\t\t\t\t<\/div>\n\t\t<div class=\"elementor-element elementor-element-2d91b67 e-flex e-con-boxed default-style e-con e-parent\" data-id=\"2d91b67\" data-element_type=\"container\" data-e-type=\"container\" data-settings=\"{&quot;rt_color_sets&quot;:&quot;default-style&quot;}\">\n\t\t\t\t\t<div class=\"e-con-inner\">\n\t\t<div class=\"elementor-element elementor-element-4a5a190 e-con-full e-flex default-style e-con e-child\" data-id=\"4a5a190\" data-element_type=\"container\" data-e-type=\"container\" data-settings=\"{&quot;rt_color_sets&quot;:&quot;default-style&quot;}\">\n\t\t\t\t<div class=\"elementor-element elementor-element-b7727c1 elementor-widget elementor-widget-image\" data-id=\"b7727c1\" data-element_type=\"widget\" data-e-type=\"widget\" data-widget_type=\"image.default\">\n\t\t\t\t<div class=\"elementor-widget-container\">\n\t\t\t\t\t\t\t\t\t\t\t\t\t\t\t<img fetchpriority=\"high\" decoding=\"async\" width=\"1485\" height=\"1485\" src=\"https:\/\/emirgroup2010.com\/wp-content\/uploads\/2025\/03\/crudesunfloweroil.jpg\" class=\"attachment-full size-full wp-image-5531\" alt=\"\" srcset=\"https:\/\/emirgroup2010.com\/wp-content\/uploads\/2025\/03\/crudesunfloweroil.jpg 1485w, https:\/\/emirgroup2010.com\/wp-content\/uploads\/2025\/03\/crudesunfloweroil-300x300.jpg 300w, https:\/\/emirgroup2010.com\/wp-content\/uploads\/2025\/03\/crudesunfloweroil-1024x1024.jpg 1024w, https:\/\/emirgroup2010.com\/wp-content\/uploads\/2025\/03\/crudesunfloweroil-150x150.jpg 150w, https:\/\/emirgroup2010.com\/wp-content\/uploads\/2025\/03\/crudesunfloweroil-768x768.jpg 768w, https:\/\/emirgroup2010.com\/wp-content\/uploads\/2025\/03\/crudesunfloweroil-12x12.jpg 12w, https:\/\/emirgroup2010.com\/wp-content\/uploads\/2025\/03\/crudesunfloweroil-742x742.jpg 742w\" sizes=\"(max-width: 1485px) 100vw, 1485px\" \/>\t\t\t\t\t\t\t\t\t\t\t\t\t\t\t<\/div>\n\t\t\t\t<\/div>\n\t\t\t\t<\/div>\n\t\t<div class=\"elementor-element elementor-element-ddd7ab7 e-con-full e-flex default-style e-con e-child\" data-id=\"ddd7ab7\" data-element_type=\"container\" data-e-type=\"container\" data-settings=\"{&quot;rt_color_sets&quot;:&quot;default-style&quot;}\">\n\t\t\t\t<div class=\"elementor-element elementor-element-d612d78 elementor-widget elementor-widget-heading\" data-id=\"d612d78\" data-element_type=\"widget\" data-e-type=\"widget\" data-widget_type=\"heading.default\">\n\t\t\t\t<div class=\"elementor-widget-container\">\n\t\t\t\t\t<h2 class=\"elementor-heading-title elementor-size-default\">Crude Sunflower Oil<\/h2>\t\t\t\t<\/div>\n\t\t\t\t<\/div>\n\t\t\t\t<div class=\"elementor-element elementor-element-74be01d elementor-widget elementor-widget-text-editor\" data-id=\"74be01d\" data-element_type=\"widget\" data-e-type=\"widget\" data-widget_type=\"text-editor.default\">\n\t\t\t\t<div class=\"elementor-widget-container\">\n\t\t\t\t\t\t\t\t\t<ul><li>Our products are prepared according to your orders.<\/li><li>We have both open and closed storage areas.<\/li><li>We offer big bag sacks and packaging services in the sizes you require.<\/li><li>We offer logistics and transfer options.<\/li><li>We carry out export activities.<\/li><\/ul>\t\t\t\t\t\t\t\t<\/div>\n\t\t\t\t<\/div>\n\t\t\t\t<div class=\"elementor-element elementor-element-caef61d elementor-widget elementor-widget-rt-button\" data-id=\"caef61d\" data-element_type=\"widget\" data-e-type=\"widget\" data-widget_type=\"rt-button.default\">\n\t\t\t\t<div class=\"elementor-widget-container\">\n\t\t\t\t\t<div class=\"button_wrapper\"><a href=\"https:\/\/emirgroup2010.com\/en\/iletisim\/\" target=\"_self\" title=\"Get a Quote\" class=\"button_  style-1 small\"><span><span class=\"button-icon far fa-comments\"><\/span><span>Get a Quote<\/span><\/span><\/a><\/div>\t\t\t\t<\/div>\n\t\t\t\t<\/div>\n\t\t\t\t<\/div>\n\t\t\t\t\t<\/div>\n\t\t\t\t<\/div>\n\t\t<div class=\"elementor-element elementor-element-f7c6429 e-flex e-con-boxed default-style e-con e-parent\" data-id=\"f7c6429\" data-element_type=\"container\" data-e-type=\"container\" data-settings=\"{&quot;rt_color_sets&quot;:&quot;default-style&quot;}\">\n\t\t\t\t\t<div class=\"e-con-inner\">\n\t\t\t\t<div class=\"elementor-element elementor-element-9d9a6ba elementor-widget elementor-widget-html\" data-id=\"9d9a6ba\" data-element_type=\"widget\" data-e-type=\"widget\" data-widget_type=\"html.default\">\n\t\t\t\t<div class=\"elementor-widget-container\">\n\t\t\t\t\t<style>\n  .responsive-table {\n    width: 100%;\n    border-collapse: collapse;\n  }\n\n  .responsive-table th,\n  .responsive-table td {\n    border: 1px solid #ddd;\n    padding: 8px;\n  }\n\n  .responsive-table th {\n    background-color: #f2f2f2;\n    text-align: left;\n  }\n\n  @media screen and (max-width: 768px) {\n    .responsive-table thead {\n      display: none;\n    }\n\n    .responsive-table tr {\n      display: block;\n      margin-bottom: 10px;\n    }\n\n    .responsive-table td {\n      display: block;\n      text-align: right;\n      position: relative;\n      padding-left: 50%;\n    }\n\n    .responsive-table td::before {\n      content: attr(data-label);\n      position: absolute;\n      left: 10px;\n      width: 45%;\n      white-space: nowrap;\n      text-align: left;\n      font-weight: bold;\n    }\n  }\n<\/style>\n\n<h2>Crude Sunflower Oil Specifications<\/h2>\n\n<table class=\"responsive-table\">\n  <thead>\n    <tr>\n      <th>Description<\/th>\n      <th>Value<\/th>\n    <\/tr>\n  <\/thead>\n  <tbody>\n    <tr>\n      <td data-label=\"Description\">Packing<\/td>\n      <td data-label=\"Value\">Bulk \/ Vegoil-Tanker or in Flexitank \/ 20-22 MT<\/td>\n    <\/tr>\n    <tr>\n      <td data-label=\"Description\">Content<\/td>\n      <td data-label=\"Value\">100% Crude Sunflower Oil<\/td>\n    <\/tr>\n    <tr>\n      <td data-label=\"Description\">Radioactivity<\/td>\n      <td data-label=\"Value\">Free of Radioactivity<\/td>\n    <\/tr>\n    <tr>\n      <td data-label=\"Description\">Cholesterol<\/td>\n      <td data-label=\"Value\">Free Cholesterol<\/td>\n    <\/tr>\n    <tr>\n      <td data-label=\"Description\">Specific Gravity (at 20\u00b0C)<\/td>\n      <td data-label=\"Value\">0.918 \u2013 0.923 g\/cm\u00b3<\/td>\n    <\/tr>\n    <tr>\n      <td data-label=\"Description\">Refractive Index (at 40\u00b0C)<\/td>\n      <td data-label=\"Value\">1.461 \u2013 1.468<\/td>\n    <\/tr>\n    <tr>\n      <td data-label=\"Description\">Smoke Point<\/td>\n      <td data-label=\"Value\">Min +10\u00b0C<\/td>\n    <\/tr>\n    <tr>\n      <td data-label=\"Description\">Flash Point<\/td>\n      <td data-label=\"Value\">Min +10\u00b0C<\/td>\n    <\/tr>\n    <tr>\n      <td data-label=\"Description\">Colour Yellow-Red (Lovibond Cell)<\/td>\n      <td data-label=\"Value\">-<\/td>\n    <\/tr>\n    <tr>\n      <td data-label=\"Description\">Consistency<\/td>\n      <td data-label=\"Value\">Liquid Viscous +20\u00b0C<\/td>\n    <\/tr>\n    <tr>\n      <td data-label=\"Description\">Odour \/ Taste<\/td>\n      <td data-label=\"Value\">Specific for this product<\/td>\n    <\/tr>\n    <tr>\n      <td data-label=\"Description\">Peroxide Value<\/td>\n      <td data-label=\"Value\">15 meq O2\/kg<\/td>\n    <\/tr>\n    <tr>\n      <td data-label=\"Description\">Moisture and Volatile Substances<\/td>\n      <td data-label=\"Value\">Max 0.2%<\/td>\n    <\/tr>\n    <tr>\n      <td data-label=\"Description\">Acid Value<\/td>\n      <td data-label=\"Value\">Max 4.0 mg KOH\/g<\/td>\n    <\/tr>\n    <tr>\n      <td data-label=\"Description\">Iodine Value<\/td>\n      <td data-label=\"Value\">118 \u2013 141 gI2\/100g<\/td>\n    <\/tr>\n    <tr>\n      <td data-label=\"Description\">Insoluble Impurities<\/td>\n      <td data-label=\"Value\">Max 0.05%<\/td>\n    <\/tr>\n    <tr>\n      <td data-label=\"Description\">Soap Content<\/td>\n      <td data-label=\"Value\">Max 0.005%<\/td>\n    <\/tr>\n    <tr>\n      <td data-label=\"Description\">Saponification Value<\/td>\n      <td data-label=\"Value\">141 \u2013 188 mg KOH\/kg<\/td>\n    <\/tr>\n    <tr>\n      <td data-label=\"Description\">Unsaponifiable Matters<\/td>\n      <td data-label=\"Value\">Less than 15%<\/td>\n    <\/tr>\n  <\/tbody>\n<\/table>\t\t\t\t<\/div>\n\t\t\t\t<\/div>\n\t\t\t\t\t<\/div>\n\t\t\t\t<\/div>\n\t\t<div class=\"elementor-element elementor-element-2b4b77b e-con-full e-flex default-style e-con e-parent\" data-id=\"2b4b77b\" data-element_type=\"container\" data-e-type=\"container\" data-settings=\"{&quot;rt_color_sets&quot;:&quot;default-style&quot;}\">\n\t\t\t\t<div class=\"elementor-element elementor-element-652eb76 e-transform elementor-widget elementor-widget-html\" data-id=\"652eb76\" data-element_type=\"widget\" data-e-type=\"widget\" data-settings=\"{&quot;_transform_translateX_effect&quot;:{&quot;unit&quot;:&quot;px&quot;,&quot;size&quot;:&quot;&quot;,&quot;sizes&quot;:[]},&quot;_transform_translateX_effect_tablet&quot;:{&quot;unit&quot;:&quot;px&quot;,&quot;size&quot;:&quot;&quot;,&quot;sizes&quot;:[]},&quot;_transform_translateX_effect_mobile&quot;:{&quot;unit&quot;:&quot;px&quot;,&quot;size&quot;:&quot;&quot;,&quot;sizes&quot;:[]},&quot;_transform_translateY_effect&quot;:{&quot;unit&quot;:&quot;px&quot;,&quot;size&quot;:&quot;&quot;,&quot;sizes&quot;:[]},&quot;_transform_translateY_effect_tablet&quot;:{&quot;unit&quot;:&quot;px&quot;,&quot;size&quot;:&quot;&quot;,&quot;sizes&quot;:[]},&quot;_transform_translateY_effect_mobile&quot;:{&quot;unit&quot;:&quot;px&quot;,&quot;size&quot;:&quot;&quot;,&quot;sizes&quot;:[]}}\" data-widget_type=\"html.default\">\n\t\t\t\t<div class=\"elementor-widget-container\">\n\t\t\t\t\t<div style=\"overflow: hidden; white-space: nowrap; background-color: white; font-size: 48px; font-weight: bold; color: #D3D3D3; text-transform: uppercase; padding: 10px;\">\n  <span id=\"marquee-text\" style=\"display: inline-block; animation: marquee 90s linear infinite;\">\n    Construction | Steel Structure | Foreign Trade | Construction | Steel Structure | Foreign Trade | Construction | Steel Structure | Foreign Trade | Construction | Steel Structure | Foreign Trade | Construction | Steel Structure | Foreign Trade | Construction | Steel Structure | Foreign Trade\n  <\/span>\n<\/div>\n\n<style>\n  @keyframes marquee {\n    0% { transform: translateX(0%); }\n    100% { transform: translateX(-100%); }\n  }\n\n  #marquee-text {\n    display: inline-block;\n    padding-left: 0; \/* Bo\u015fluklar\u0131 kald\u0131rmak i\u00e7in *\/\n  }\n<\/style>\n\t\t\t\t<\/div>\n\t\t\t\t<\/div>\n\t\t\t\t<\/div>\n\t\t\t\t<\/div>","protected":false},"excerpt":{"rendered":"<p>&#8220;Emir Grup, d\u0131\u015f ticaret alan\u0131nda \u00f6zellikle tah\u0131l ve bakliyat \u00fcr\u00fcnlerinde uzmanla\u015fm\u0131\u015f, y\u00fcksek kalite ve g\u00fcvenilirlik ilkelerine dayal\u0131 bir hizmet sunmaktad\u0131r.&#8221; Ham Ay\u00e7i\u00e7ek Ya\u011f\u0131 \u00dcr\u00fcnlerimiz sipari\u015flerinize g\u00f6re haz\u0131rlanmaktad\u0131r. A\u00e7\u0131k ve Kapal\u0131 depolama alanlar\u0131m\u0131z mevcuttur. \u0130stedi\u011finiz boyutta big pack \u00e7uval ve paketleme hizmetimiz vard\u0131r. Lojistik ve Transfer se\u00e7eneklerimiz mevcuttur. \u0130hracat faliyetleri ger\u00e7ekle\u015ftirmekteyiz. Fiyat Teklifi Al Ham Ay\u00e7i\u00e7ek [&hellip;]<\/p>\n","protected":false},"author":1,"featured_media":0,"parent":5512,"menu_order":0,"comment_status":"closed","ping_status":"closed","template":"","meta":{"footnotes":""},"class_list":["post-5529","page","type-page","status-publish","hentry"],"_links":{"self":[{"href":"https:\/\/emirgroup2010.com\/en\/wp-json\/wp\/v2\/pages\/5529","targetHints":{"allow":["GET"]}}],"collection":[{"href":"https:\/\/emirgroup2010.com\/en\/wp-json\/wp\/v2\/pages"}],"about":[{"href":"https:\/\/emirgroup2010.com\/en\/wp-json\/wp\/v2\/types\/page"}],"author":[{"embeddable":true,"href":"https:\/\/emirgroup2010.com\/en\/wp-json\/wp\/v2\/users\/1"}],"replies":[{"embeddable":true,"href":"https:\/\/emirgroup2010.com\/en\/wp-json\/wp\/v2\/comments?post=5529"}],"version-history":[{"count":7,"href":"https:\/\/emirgroup2010.com\/en\/wp-json\/wp\/v2\/pages\/5529\/revisions"}],"predecessor-version":[{"id":5540,"href":"https:\/\/emirgroup2010.com\/en\/wp-json\/wp\/v2\/pages\/5529\/revisions\/5540"}],"up":[{"embeddable":true,"href":"https:\/\/emirgroup2010.com\/en\/wp-json\/wp\/v2\/pages\/5512"}],"wp:attachment":[{"href":"https:\/\/emirgroup2010.com\/en\/wp-json\/wp\/v2\/media?parent=5529"}],"curies":[{"name":"wp","href":"https:\/\/api.w.org\/{rel}","templated":true}]}}